{"id":258,"date":"2022-08-05T13:12:16","date_gmt":"2022-08-05T12:12:16","guid":{"rendered":"http:\/\/therifles.net\/er-online-dating-det-du-har-brug-for\/"},"modified":"2022-08-05T14:32:33","modified_gmt":"2022-08-05T13:32:33","slug":"er-online-dating-det-du-har-brug-for","status":"publish","type":"page","link":"https:\/\/therifles.net\/da\/er-online-dating-det-du-har-brug-for\/","title":{"rendered":"Er online dating det, du har brug for?"},"content":{"rendered":"<p>Ideen om, at du kunne finde &#8220;den ene&#8221;, mens du sad alene foran din computersk\u00e6rm, kan virke som noget ud af en film, men if\u00f8lge en nylig unders\u00f8gelse foretaget af, siger omkring halvdelen af amerikanerne, at de har gjort netop det.<\/p>\n<p>Faktisk fandt forskere, at folk, der bruger <a href=\"http:\/\/therifles.net\/texting-with-your-partner\/\">online datingsider<\/a> , har tendens til at v\u00e6re \u00e6ldre og rigere end dem, der ikke g\u00f8r det, og at folk, der dater online, er meget mere tilb\u00f8jelige til at ende med at gifte sig med hinanden.<\/p>\n<p>Hvis du har t\u00e6nkt p\u00e5 at pr\u00f8ve online dating, er her nogle grunde til, at du ikke b\u00f8r betale for at deltage i et websted endnu.<\/p>\n<h2>Du g\u00e5r glip af gode datoer<\/h2>\n<p>Der er masser af gratis datingsider derude, og selvom de ikke altid er den bedste l\u00f8sning, giver de normalt et godt udgangspunkt. Hvis du leder efter noget s\u00e6rligt, kan du dog overveje at betale for et premiummedlemskab. P\u00e5 denne m\u00e5de beh\u00f8ver du ikke bekymre dig om at blive matchet med nogen, der ikke opfylder dine standarder.<\/p>\n<h2>Du spilder mindre tid<\/h2>\n<p>N\u00e5r du bruger en betalt tjeneste, kan du filtrere dine potentielle kampe ned baseret p\u00e5 ting som placering, aldersgruppe, forholdsstatus og endda hobbyer. Dette g\u00f8r det lettere at finde nogen, der deler lignende interesser. Og fordi du kan gennemse profiler gratis, bruger du ikke timer p\u00e5 at stryge til venstre og h\u00f8jre.<\/p>\n<h2>Du sparer penge<\/h2>\n<p>Kender du de dyre m\u00e5nedlige abonnementsgebyrer? De tilf\u00f8jer hurtigt. En gratis tjeneste er ofte ogs\u00e5 billigere, is\u00e6r hvis du tilmelder dig flere konti. For eksempel tilbyder Match.com tre forskellige planer: $ 9.99 pr. M\u00e5ned for grundl\u00e6ggende adgang; M\u00e5ned for ubegr\u00e6nset besked; m\u00e5ned for premium-funktioner som videochat.<\/p>\n<h2>Popul\u00e6rt valg at pr\u00f8ve for afslappet sex &#8211; Ashely Madison<\/h2>\n<p>Ashley Madison er s\u00e5 popul\u00e6r, at mange mennesker kender til det. Denne online dating og aff\u00e6re site har v\u00e6ret aktiv siden 2002 og tilbyder betalte medlemskaber for dem, der leder efter noget seri\u00f8st. Men selv afslappede brugere er i stand til at finde nogen speciel p\u00e5 webstedet. Med over 20 millioner registrerede medlemmer over hele verden er der masser af muligheder for at m\u00f8de nogen, du vil date.<\/p>\n<p>Webstedet er hovedsageligt fokuseret p\u00e5 at hj\u00e6lpe gifte mennesker med at snyde, men det er ogs\u00e5 fantastisk til enlige m\u00e6nd og kvinder, der leder efter afslappet sex. Der er ingen begr\u00e6nsninger p\u00e5 alder eller k\u00f8n, og du kan g\u00f8re hvad du vil uden at bekymre dig om at blive fanget. Du kan endda sende penge via PayPal for at betale for ekstra funktioner som live cam-modeller, telefonsex og ubegr\u00e6nsede e-mails.<\/p>\n<p>Du beh\u00f8ver ikke bekymre dig om at blive fundet ud af, fordi webstedet bruger krypteringsteknologi til at holde dine personlige oplysninger sikre. Faktisk kan webstedet prale af, at &#8220;dit privatliv betyder noget.&#8221;<\/p>\n","protected":false},"excerpt":{"rendered":"<p>Ideen om, at du kunne finde &#8220;den ene&#8221;, mens du sad alene foran din computersk\u00e6rm, kan virke som noget ud<\/p>\n","protected":false},"author":1,"featured_media":115,"parent":0,"menu_order":0,"comment_status":"closed","ping_status":"closed","template":"","meta":[],"yoast_head":"<!-- This site is optimized with the Yoast SEO plugin v17.7.1 - https:\/\/yoast.com\/wordpress\/plugins\/seo\/ -->\n<title>Er online dating det, du har brug for? - Moderne tilslutningsguide<\/title>\n<meta name=\"robots\" content=\"index, follow, max-snippet:-1, max-image-preview:large, max-video-preview:-1\" \/>\n<link rel=\"canonical\" href=\"https:\/\/therifles.net\/da\/er-online-dating-det-du-har-brug-for\/\" \/>\n<meta property=\"og:locale\" content=\"da_DK\" \/>\n<meta property=\"og:type\" content=\"article\" \/>\n<meta property=\"og:title\" content=\"Er online dating det, du har brug for? - Moderne tilslutningsguide\" \/>\n<meta property=\"og:description\" content=\"Ideen om, at du kunne finde &#8220;den ene&#8221;, mens du sad alene foran din computersk\u00e6rm, kan virke som noget ud\" \/>\n<meta property=\"og:url\" content=\"https:\/\/therifles.net\/da\/er-online-dating-det-du-har-brug-for\/\" \/>\n<meta property=\"og:site_name\" content=\"Moderne tilslutningsguide\" \/>\n<meta property=\"article:modified_time\" content=\"2022-08-05T13:32:33+00:00\" \/>\n<meta property=\"og:image\" content=\"https:\/\/therifles.net\/wp-content\/uploads\/2022\/08\/dating-list.jpeg\" \/>\n\t<meta property=\"og:image:width\" content=\"1125\" \/>\n\t<meta property=\"og:image:height\" content=\"750\" \/>\n<meta name=\"twitter:card\" content=\"summary_large_image\" \/>\n<meta name=\"twitter:label1\" content=\"Estimeret l\u00e6setid\" \/>\n\t<meta name=\"twitter:data1\" content=\"2 minutter\" \/>\n<script type=\"application\/ld+json\" class=\"yoast-schema-graph\">{\"@context\":\"https:\/\/schema.org\",\"@graph\":[{\"@type\":\"WebSite\",\"@id\":\"https:\/\/therifles.net\/#website\",\"url\":\"https:\/\/therifles.net\/\",\"name\":\"Moderne tilslutningsguide\",\"description\":\"Kontaktpersonlighed R\\u00e5dgiver\",\"potentialAction\":[{\"@type\":\"SearchAction\",\"target\":{\"@type\":\"EntryPoint\",\"urlTemplate\":\"https:\/\/therifles.net\/?s={search_term_string}\"},\"query-input\":\"required name=search_term_string\"}],\"inLanguage\":\"da-DK\"},{\"@type\":\"ImageObject\",\"@id\":\"https:\/\/therifles.net\/da\/er-online-dating-det-du-har-brug-for\/#primaryimage\",\"inLanguage\":\"da-DK\",\"url\":\"https:\/\/therifles.net\/wp-content\/uploads\/2022\/08\/dating-list.jpeg\",\"contentUrl\":\"https:\/\/therifles.net\/wp-content\/uploads\/2022\/08\/dating-list.jpeg\",\"width\":1125,\"height\":750},{\"@type\":\"WebPage\",\"@id\":\"https:\/\/therifles.net\/da\/er-online-dating-det-du-har-brug-for\/#webpage\",\"url\":\"https:\/\/therifles.net\/da\/er-online-dating-det-du-har-brug-for\/\",\"name\":\"Er online dating det, du har brug for? - Moderne tilslutningsguide\",\"isPartOf\":{\"@id\":\"https:\/\/therifles.net\/#website\"},\"primaryImageOfPage\":{\"@id\":\"https:\/\/therifles.net\/da\/er-online-dating-det-du-har-brug-for\/#primaryimage\"},\"datePublished\":\"2022-08-05T12:12:16+00:00\",\"dateModified\":\"2022-08-05T13:32:33+00:00\",\"breadcrumb\":{\"@id\":\"https:\/\/therifles.net\/da\/er-online-dating-det-du-har-brug-for\/#breadcrumb\"},\"inLanguage\":\"da-DK\",\"potentialAction\":[{\"@type\":\"ReadAction\",\"target\":[\"https:\/\/therifles.net\/da\/er-online-dating-det-du-har-brug-for\/\"]}]},{\"@type\":\"BreadcrumbList\",\"@id\":\"https:\/\/therifles.net\/da\/er-online-dating-det-du-har-brug-for\/#breadcrumb\",\"itemListElement\":[{\"@type\":\"ListItem\",\"position\":1,\"name\":\"Home\",\"item\":\"http:\/\/therifles.net\/da\/\"},{\"@type\":\"ListItem\",\"position\":2,\"name\":\"Er online dating det, du har brug for?\"}]}]}<\/script>\n<!-- \/ Yoast SEO plugin. -->","yoast_head_json":{"title":"Er online dating det, du har brug for? - Moderne tilslutningsguide","robots":{"index":"index","follow":"follow","max-snippet":"max-snippet:-1","max-image-preview":"max-image-preview:large","max-video-preview":"max-video-preview:-1"},"canonical":"https:\/\/therifles.net\/da\/er-online-dating-det-du-har-brug-for\/","og_locale":"da_DK","og_type":"article","og_title":"Er online dating det, du har brug for? - Moderne tilslutningsguide","og_description":"Ideen om, at du kunne finde &#8220;den ene&#8221;, mens du sad alene foran din computersk\u00e6rm, kan virke som noget ud","og_url":"https:\/\/therifles.net\/da\/er-online-dating-det-du-har-brug-for\/","og_site_name":"Moderne tilslutningsguide","article_modified_time":"2022-08-05T13:32:33+00:00","og_image":[{"width":1125,"height":750,"url":"https:\/\/therifles.net\/wp-content\/uploads\/2022\/08\/dating-list.jpeg","type":"image\/jpeg"}],"twitter_card":"summary_large_image","twitter_misc":{"Estimeret l\u00e6setid":"2 minutter"},"schema":{"@context":"https:\/\/schema.org","@graph":[{"@type":"WebSite","@id":"https:\/\/therifles.net\/#website","url":"https:\/\/therifles.net\/","name":"Moderne tilslutningsguide","description":"Kontaktpersonlighed R\u00e5dgiver","potentialAction":[{"@type":"SearchAction","target":{"@type":"EntryPoint","urlTemplate":"https:\/\/therifles.net\/?s={search_term_string}"},"query-input":"required name=search_term_string"}],"inLanguage":"da-DK"},{"@type":"ImageObject","@id":"https:\/\/therifles.net\/da\/er-online-dating-det-du-har-brug-for\/#primaryimage","inLanguage":"da-DK","url":"https:\/\/therifles.net\/wp-content\/uploads\/2022\/08\/dating-list.jpeg","contentUrl":"https:\/\/therifles.net\/wp-content\/uploads\/2022\/08\/dating-list.jpeg","width":1125,"height":750},{"@type":"WebPage","@id":"https:\/\/therifles.net\/da\/er-online-dating-det-du-har-brug-for\/#webpage","url":"https:\/\/therifles.net\/da\/er-online-dating-det-du-har-brug-for\/","name":"Er online dating det, du har brug for? - Moderne tilslutningsguide","isPartOf":{"@id":"https:\/\/therifles.net\/#website"},"primaryImageOfPage":{"@id":"https:\/\/therifles.net\/da\/er-online-dating-det-du-har-brug-for\/#primaryimage"},"datePublished":"2022-08-05T12:12:16+00:00","dateModified":"2022-08-05T13:32:33+00:00","breadcrumb":{"@id":"https:\/\/therifles.net\/da\/er-online-dating-det-du-har-brug-for\/#breadcrumb"},"inLanguage":"da-DK","potentialAction":[{"@type":"ReadAction","target":["https:\/\/therifles.net\/da\/er-online-dating-det-du-har-brug-for\/"]}]},{"@type":"BreadcrumbList","@id":"https:\/\/therifles.net\/da\/er-online-dating-det-du-har-brug-for\/#breadcrumb","itemListElement":[{"@type":"ListItem","position":1,"name":"Home","item":"http:\/\/therifles.net\/da\/"},{"@type":"ListItem","position":2,"name":"Er online dating det, du har brug for?"}]}]}},"_links":{"self":[{"href":"https:\/\/therifles.net\/da\/wp-json\/wp\/v2\/pages\/258"}],"collection":[{"href":"https:\/\/therifles.net\/da\/wp-json\/wp\/v2\/pages"}],"about":[{"href":"https:\/\/therifles.net\/da\/wp-json\/wp\/v2\/types\/page"}],"author":[{"embeddable":true,"href":"https:\/\/therifles.net\/da\/wp-json\/wp\/v2\/users\/1"}],"replies":[{"embeddable":true,"href":"https:\/\/therifles.net\/da\/wp-json\/wp\/v2\/comments?post=258"}],"version-history":[{"count":1,"href":"https:\/\/therifles.net\/da\/wp-json\/wp\/v2\/pages\/258\/revisions"}],"predecessor-version":[{"id":260,"href":"https:\/\/therifles.net\/da\/wp-json\/wp\/v2\/pages\/258\/revisions\/260"}],"wp:featuredmedia":[{"embeddable":true,"href":"https:\/\/therifles.net\/da\/wp-json\/wp\/v2\/media\/115"}],"wp:attachment":[{"href":"https:\/\/therifles.net\/da\/wp-json\/wp\/v2\/media?parent=258"}],"curies":[{"name":"wp","href":"https:\/\/api.w.org\/{rel}","templated":true}]}}