{"id":240,"date":"2022-08-05T13:38:51","date_gmt":"2022-08-05T12:38:51","guid":{"rendered":"http:\/\/therifles.net\/saadan-fungerer-tilslutningsapps-find-den-rigtige-type-datingapp\/"},"modified":"2022-09-08T19:32:37","modified_gmt":"2022-09-08T18:32:37","slug":"saadan-fungerer-tilslutningsapps-find-den-rigtige-type-datingapp","status":"publish","type":"page","link":"https:\/\/therifles.net\/da\/saadan-fungerer-tilslutningsapps-find-den-rigtige-type-datingapp\/","title":{"rendered":"S\u00e5dan fungerer tilslutningsapps: Find den rigtige type datingapp"},"content":{"rendered":"<p>Det er nemt at finde de perfekte afslappede tilslutningssteder til dig. Alt hvad du beh\u00f8ver at vide er, hvad dine pr\u00e6ferencer er. Hvis du leder efter et generelt dating\/ tilslutningssted, hvor du f\u00e5r lidt af det hele, s\u00e5 anbefaler vi Bumble, Tinder eller Hinge.<\/p>\n<p>Hvis du \u00f8nsker at finde en <a href=\"http:\/\/therifles.net\/texting-with-your-partner\/\">sexet tilslutning let<\/a> uden behov for strenge s\u00f8gninger og parringsforslag, er apps som Adult Friend Finder, No Strings Attached og Seeking perfekte. Hvis du ser p\u00e5 at finde nichetilslutninger, skal du tjekke Alt, SilverSingles eller Kinky Dates. Pointen er, at du bare skal vide, hvilken slags skare et givet tilslutningssted tilbyder, og afg\u00f8re, om de matcher dine behov.<\/p>\n<h2>Hvilket er bedst for dig?<\/h2>\n<p>Denne <a href=\"http:\/\/therifles.net\/is-online-dating-what-you-need\/\">datingapp<\/a> giver kvinder mere magt over samtalen, da det er dem, der indleder kontakt med potentielle datoer. Faktisk er det stort set det modsatte af Tinder, som giver fyre mulighed for at tage det f\u00f8rste skridt. P\u00e5 bagsiden tillader Bumble dog ikke fyre at sende beskeder uden at have indledt kontakt f\u00f8rst. S\u00e5 hvis du leder efter en fyr, der ikke er bange for at sp\u00f8rge dig ud, s\u00e5 kan dette v\u00e6re stedet for dig.<\/p>\n<h3>H\u00e6ngsel<\/h3>\n<p>Hinge er en online datingtjeneste, der giver brugerne mulighed for at oprette forbindelse til andre singler gennem <a href=\"https:\/\/www.fucklocals.org\/sv\/gratis-sex-chat-webbplatser\/\">gratis sexchat<\/a> fotomatchning og sp\u00f8rgsm\u00e5l. Den er tilg\u00e6ngelig p\u00e5 iOS- og Android-enheder. Appen opfordrer ogs\u00e5 brugerne til at skrive prompter til hinanden. Disse prompter giver begge parter mulighed for at l\u00e6re hinanden bedre at kende. Brugere kan ogs\u00e5 tilf\u00f8je lydoptagelser til deres profil, hvilket hj\u00e6lper med til bedre at forst\u00e5 hinanden.<\/p>\n<p>Men appen er begr\u00e6nset til kun 12 likes om dagen. Hvis du leder efter mere, skal du betale $ 29.99 om m\u00e5neden. Eller du kan k\u00f8be et \u00e5rligt abonnement for $ 399.99. Men hvis du ikke bruger Facebook-annoncer, vil du ikke drage fordel af nogen af disse muligheder.<\/p>\n<h3>Pof<\/h3>\n<p>Plenty Of Fish har muligvis ikke det samme publikum som andre datingapps som Tinder og Bumble. Men det er stadig et meget popul\u00e6rt valg &#8211; og det har den fordel, at det er gratis. Du kan ogs\u00e5 f\u00e5 et billigere abonnement, hvis du vil betale i en l\u00e6ngere periode. Hvis du leder efter et langsigtet forhold, er Plenty of Fish et glimrende sted at starte.<\/p>\n<h3>T\u00e6ndstik<\/h3>\n<p>Match er et godt sted at m\u00f8de folk, hvis du leder efter noget seri\u00f8st. Det er ogs\u00e5 et godt sted <a href=\"http:\/\/www.gay-hookups.com\/sv\/gratis-gay-dating-webbplatser\/\">gay dating<\/a> at lege rundt og se, hvilken slags forbindelser du kan oprette. Hvis du er interesseret i at m\u00f8de nogen, b\u00f8r du helt sikkert tjekke Match.com. Der er masser af andre muligheder til r\u00e5dighed &#8211; som OKCupid eller PlentyOfFish &#8211; men Match er det bedste samlede valg.<\/p>\n<h3>eHarmony<\/h3>\n<p>eHarmony er en gratis online datingtjeneste, der ejes af Match Group. Det har v\u00e6ret aktivt siden 2001 og har haft mange tv-annoncer. Medlemmer kan betale for et premiumabonnement for at f\u00e5 yderligere funktioner som videochat, p\u00e5mindelser om beskeder og ubegr\u00e6nsede beskeder. Webstedet giver ogs\u00e5 medlemmer mulighed for at s\u00f8ge efter kampe baseret p\u00e5 placering, alder og k\u00f8n.<\/p>\n<h3>Kaffe m\u00f8der bagel<\/h3>\n<p>Coffee Meets Bagel passer bedst til dem, der leder efter forhold, men er ikke klar til at forpligte sig endnu. CMB&#8217;s algoritme finder ud af, hvem der passer til dig og foresl\u00e5r et udvalg af potentielle matches hver dag. Hvis du ikke tjekker dine forslag for en dag, kan du g\u00e5 glip af chancen for at kunne lide en anden, hvis de foresl\u00e5s til dig senere.<\/p>\n<h3>Fyrsvamp<\/h3>\n<p>Tinder er blevet en af de mest popul\u00e6re datingapps i verden. Men det er ikke ualmindeligt <a href=\"http:\/\/wank.io\/sv\/knulla-kompisar-nara-mig\/\">hitta knull kompis<\/a> at f\u00f8le, at det er tid til at g\u00e5 videre til noget andet. M\u00e5ske er du tr\u00e6t af at se de samme mennesker eller ikke f\u00e5 nogen matches. Heldigvis er der masser af andre datingapps derude. Vi har fundet de bedste til dig. Du ved aldrig, m\u00e5ske venter din sande k\u00e6rlighed p\u00e5 dig.<\/p>\n<h2>Konklusion<\/h2>\n<p>Hvis du er en kvinde, der \u00f8nsker at m\u00f8des med nogen for sjov, er der masser af apps derude, der lader dig g\u00f8re netop det. Men hvad med de tidspunkter, hvor du vil g\u00e5 p\u00e5 en rigtig date, men ikke rigtig kender nogen? Eller m\u00e5ske har du v\u00e6ret single i et stykke tid, og du vil gerne pr\u00f8ve noget andet? N\u00e5, hvis du er interesseret i at finde en dejlig afslappet date, s\u00e5 vil du m\u00e5ske give Bumble et skud.<\/p>\n","protected":false},"excerpt":{"rendered":"<p>Det er nemt at finde de perfekte afslappede tilslutningssteder til dig. Alt hvad du beh\u00f8ver at vide er, hvad dine<\/p>\n","protected":false},"author":1,"featured_media":159,"parent":0,"menu_order":0,"comment_status":"closed","ping_status":"closed","template":"","meta":[],"yoast_head":"<!-- This site is optimized with the Yoast SEO plugin v17.7.1 - https:\/\/yoast.com\/wordpress\/plugins\/seo\/ -->\n<title>S\u00e5dan fungerer tilslutningsapps: Find den rigtige type datingapp - Moderne tilslutningsguide<\/title>\n<meta name=\"robots\" content=\"index, follow, max-snippet:-1, max-image-preview:large, max-video-preview:-1\" \/>\n<link rel=\"canonical\" href=\"https:\/\/therifles.net\/da\/saadan-fungerer-tilslutningsapps-find-den-rigtige-type-datingapp\/\" \/>\n<meta property=\"og:locale\" content=\"da_DK\" \/>\n<meta property=\"og:type\" content=\"article\" \/>\n<meta property=\"og:title\" content=\"S\u00e5dan fungerer tilslutningsapps: Find den rigtige type datingapp - Moderne tilslutningsguide\" \/>\n<meta property=\"og:description\" content=\"Det er nemt at finde de perfekte afslappede tilslutningssteder til dig. Alt hvad du beh\u00f8ver at vide er, hvad dine\" \/>\n<meta property=\"og:url\" content=\"https:\/\/therifles.net\/da\/saadan-fungerer-tilslutningsapps-find-den-rigtige-type-datingapp\/\" \/>\n<meta property=\"og:site_name\" content=\"Moderne tilslutningsguide\" \/>\n<meta property=\"article:modified_time\" content=\"2022-09-08T18:32:37+00:00\" \/>\n<meta name=\"twitter:card\" content=\"summary_large_image\" \/>\n<meta name=\"twitter:image\" content=\"https:\/\/therifles.net\/wp-content\/uploads\/2022\/08\/sex-hookups.webp\" \/>\n<meta name=\"twitter:label1\" content=\"Estimeret l\u00e6setid\" \/>\n\t<meta name=\"twitter:data1\" content=\"4 minutter\" \/>\n<script type=\"application\/ld+json\" class=\"yoast-schema-graph\">{\"@context\":\"https:\/\/schema.org\",\"@graph\":[{\"@type\":\"WebSite\",\"@id\":\"https:\/\/therifles.net\/#website\",\"url\":\"https:\/\/therifles.net\/\",\"name\":\"Moderne tilslutningsguide\",\"description\":\"Kontaktpersonlighed R\\u00e5dgiver\",\"potentialAction\":[{\"@type\":\"SearchAction\",\"target\":{\"@type\":\"EntryPoint\",\"urlTemplate\":\"https:\/\/therifles.net\/?s={search_term_string}\"},\"query-input\":\"required name=search_term_string\"}],\"inLanguage\":\"da-DK\"},{\"@type\":\"ImageObject\",\"@id\":\"https:\/\/therifles.net\/da\/saadan-fungerer-tilslutningsapps-find-den-rigtige-type-datingapp\/#primaryimage\",\"inLanguage\":\"da-DK\",\"url\":\"https:\/\/therifles.net\/wp-content\/uploads\/2022\/08\/sex-hookups.webp\",\"contentUrl\":\"https:\/\/therifles.net\/wp-content\/uploads\/2022\/08\/sex-hookups.webp\",\"width\":1125,\"height\":750},{\"@type\":\"WebPage\",\"@id\":\"https:\/\/therifles.net\/da\/saadan-fungerer-tilslutningsapps-find-den-rigtige-type-datingapp\/#webpage\",\"url\":\"https:\/\/therifles.net\/da\/saadan-fungerer-tilslutningsapps-find-den-rigtige-type-datingapp\/\",\"name\":\"S\\u00e5dan fungerer tilslutningsapps: Find den rigtige type datingapp - Moderne tilslutningsguide\",\"isPartOf\":{\"@id\":\"https:\/\/therifles.net\/#website\"},\"primaryImageOfPage\":{\"@id\":\"https:\/\/therifles.net\/da\/saadan-fungerer-tilslutningsapps-find-den-rigtige-type-datingapp\/#primaryimage\"},\"datePublished\":\"2022-08-05T12:38:51+00:00\",\"dateModified\":\"2022-09-08T18:32:37+00:00\",\"breadcrumb\":{\"@id\":\"https:\/\/therifles.net\/da\/saadan-fungerer-tilslutningsapps-find-den-rigtige-type-datingapp\/#breadcrumb\"},\"inLanguage\":\"da-DK\",\"potentialAction\":[{\"@type\":\"ReadAction\",\"target\":[\"https:\/\/therifles.net\/da\/saadan-fungerer-tilslutningsapps-find-den-rigtige-type-datingapp\/\"]}]},{\"@type\":\"BreadcrumbList\",\"@id\":\"https:\/\/therifles.net\/da\/saadan-fungerer-tilslutningsapps-find-den-rigtige-type-datingapp\/#breadcrumb\",\"itemListElement\":[{\"@type\":\"ListItem\",\"position\":1,\"name\":\"Home\",\"item\":\"http:\/\/therifles.net\/da\/\"},{\"@type\":\"ListItem\",\"position\":2,\"name\":\"S\\u00e5dan fungerer tilslutningsapps: Find den rigtige type datingapp\"}]}]}<\/script>\n<!-- \/ Yoast SEO plugin. -->","yoast_head_json":{"title":"S\u00e5dan fungerer tilslutningsapps: Find den rigtige type datingapp - Moderne tilslutningsguide","robots":{"index":"index","follow":"follow","max-snippet":"max-snippet:-1","max-image-preview":"max-image-preview:large","max-video-preview":"max-video-preview:-1"},"canonical":"https:\/\/therifles.net\/da\/saadan-fungerer-tilslutningsapps-find-den-rigtige-type-datingapp\/","og_locale":"da_DK","og_type":"article","og_title":"S\u00e5dan fungerer tilslutningsapps: Find den rigtige type datingapp - Moderne tilslutningsguide","og_description":"Det er nemt at finde de perfekte afslappede tilslutningssteder til dig. Alt hvad du beh\u00f8ver at vide er, hvad dine","og_url":"https:\/\/therifles.net\/da\/saadan-fungerer-tilslutningsapps-find-den-rigtige-type-datingapp\/","og_site_name":"Moderne tilslutningsguide","article_modified_time":"2022-09-08T18:32:37+00:00","twitter_card":"summary_large_image","twitter_image":"https:\/\/therifles.net\/wp-content\/uploads\/2022\/08\/sex-hookups.webp","twitter_misc":{"Estimeret l\u00e6setid":"4 minutter"},"schema":{"@context":"https:\/\/schema.org","@graph":[{"@type":"WebSite","@id":"https:\/\/therifles.net\/#website","url":"https:\/\/therifles.net\/","name":"Moderne tilslutningsguide","description":"Kontaktpersonlighed R\u00e5dgiver","potentialAction":[{"@type":"SearchAction","target":{"@type":"EntryPoint","urlTemplate":"https:\/\/therifles.net\/?s={search_term_string}"},"query-input":"required name=search_term_string"}],"inLanguage":"da-DK"},{"@type":"ImageObject","@id":"https:\/\/therifles.net\/da\/saadan-fungerer-tilslutningsapps-find-den-rigtige-type-datingapp\/#primaryimage","inLanguage":"da-DK","url":"https:\/\/therifles.net\/wp-content\/uploads\/2022\/08\/sex-hookups.webp","contentUrl":"https:\/\/therifles.net\/wp-content\/uploads\/2022\/08\/sex-hookups.webp","width":1125,"height":750},{"@type":"WebPage","@id":"https:\/\/therifles.net\/da\/saadan-fungerer-tilslutningsapps-find-den-rigtige-type-datingapp\/#webpage","url":"https:\/\/therifles.net\/da\/saadan-fungerer-tilslutningsapps-find-den-rigtige-type-datingapp\/","name":"S\u00e5dan fungerer tilslutningsapps: Find den rigtige type datingapp - Moderne tilslutningsguide","isPartOf":{"@id":"https:\/\/therifles.net\/#website"},"primaryImageOfPage":{"@id":"https:\/\/therifles.net\/da\/saadan-fungerer-tilslutningsapps-find-den-rigtige-type-datingapp\/#primaryimage"},"datePublished":"2022-08-05T12:38:51+00:00","dateModified":"2022-09-08T18:32:37+00:00","breadcrumb":{"@id":"https:\/\/therifles.net\/da\/saadan-fungerer-tilslutningsapps-find-den-rigtige-type-datingapp\/#breadcrumb"},"inLanguage":"da-DK","potentialAction":[{"@type":"ReadAction","target":["https:\/\/therifles.net\/da\/saadan-fungerer-tilslutningsapps-find-den-rigtige-type-datingapp\/"]}]},{"@type":"BreadcrumbList","@id":"https:\/\/therifles.net\/da\/saadan-fungerer-tilslutningsapps-find-den-rigtige-type-datingapp\/#breadcrumb","itemListElement":[{"@type":"ListItem","position":1,"name":"Home","item":"http:\/\/therifles.net\/da\/"},{"@type":"ListItem","position":2,"name":"S\u00e5dan fungerer tilslutningsapps: Find den rigtige type datingapp"}]}]}},"_links":{"self":[{"href":"https:\/\/therifles.net\/da\/wp-json\/wp\/v2\/pages\/240"}],"collection":[{"href":"https:\/\/therifles.net\/da\/wp-json\/wp\/v2\/pages"}],"about":[{"href":"https:\/\/therifles.net\/da\/wp-json\/wp\/v2\/types\/page"}],"author":[{"embeddable":true,"href":"https:\/\/therifles.net\/da\/wp-json\/wp\/v2\/users\/1"}],"replies":[{"embeddable":true,"href":"https:\/\/therifles.net\/da\/wp-json\/wp\/v2\/comments?post=240"}],"version-history":[{"count":3,"href":"https:\/\/therifles.net\/da\/wp-json\/wp\/v2\/pages\/240\/revisions"}],"predecessor-version":[{"id":402,"href":"https:\/\/therifles.net\/da\/wp-json\/wp\/v2\/pages\/240\/revisions\/402"}],"wp:featuredmedia":[{"embeddable":true,"href":"https:\/\/therifles.net\/da\/wp-json\/wp\/v2\/media\/159"}],"wp:attachment":[{"href":"https:\/\/therifles.net\/da\/wp-json\/wp\/v2\/media?parent=240"}],"curies":[{"name":"wp","href":"https:\/\/api.w.org\/{rel}","templated":true}]}}