{"id":201,"date":"2022-08-05T13:45:29","date_gmt":"2022-08-05T12:45:29","guid":{"rendered":"http:\/\/therifles.net\/bedste-apps-til-at-finde-et-serioest-forhold\/"},"modified":"2022-09-08T19:29:26","modified_gmt":"2022-09-08T18:29:26","slug":"bedste-apps-til-at-finde-et-serioest-forhold","status":"publish","type":"page","link":"https:\/\/therifles.net\/da\/bedste-apps-til-at-finde-et-serioest-forhold\/","title":{"rendered":"Bedste apps til at finde et seri\u00f8st forhold"},"content":{"rendered":"<p>Hvis du leder efter noget mere seri\u00f8st, har vi to af de bedste anbefalinger til dig lige her.<\/p>\n<p>Disse to steder er de bedste, hvis du leder efter et langsigtet forhold, snarere end bare en <a href=\"http:\/\/www.local-horny-women.net\/sv\/sex-appar\/\">sex appar<\/a>. Hvis du tilmelder dig disse websteder, skal du v\u00e6re opm\u00e6rksom p\u00e5, at de begge er gratis at bruge, men der er et gebyr, hvis du \u00f8nsker at bruge premium-funktionerne.<\/p>\n<h3>T\u00e6ndstik<\/h3>\n<p>Match er en online datingside designet specielt til dem, der leder efter k\u00e6rlighed. Uanset om det er et langvarigt forhold eller noget afslappet, tilbyder Match en unik oplevelse, der giver folk mulighed for at finde k\u00e6rlighed baseret p\u00e5, hvad de virkelig vil have ud af livet. Du kan ogs\u00e5 oprette din egen konto for at holde styr p\u00e5 din aktivitet. Og hvis du er interesseret i at m\u00f8de en anden, kan du ogs\u00e5 g\u00f8re det. Medlemmer kan oprette vennegrupper for at hj\u00e6lpe hinanden med at finde kompatible partnere.<\/p>\n<p>Webstedet er gratis at deltage i og gennemse profiler, sende beskeder og endda m\u00f8de nogen speciel. Hvis du beslutter dig for at tage tingene videre, er der ingen omkostninger at betale for at se flere potentielle kampe. Du kan enten bruge webstedets premium-abonnementsmodel eller v\u00e6lge den gratis version. Hvis du v\u00e6lger at opgradere, f\u00e5r du ubegr\u00e6nset adgang til webstedets mange funktioner, herunder muligheden for at se et stort antal kampe. Der er ogs\u00e5 masser af m\u00e5der at oprette forbindelse til andre medlemmer p\u00e5. For eksempel kan du kommunikere via tekst, e-mail, telefonopkald, videochats og endda g\u00e5 p\u00e5 virtuelle datoer.<\/p>\n<p>S\u00e5 uanset om du leder efter et seri\u00f8st forhold eller bare lidt sjovt, er Match stedet at starte.<\/p>\n<h3>OKCupid<\/h3>\n<p>OkCupid er et af de mest popul\u00e6re online dating sites i verden. Webstedet blev lanceret i 2004 og kan prale af over 10 millioner aktive daglige brugere. Det er gratis at bruge, men du skal betale $ 20 \/ m\u00e5ned for at f\u00e5 adgang til premium-funktioner som ubegr\u00e6nsede meddelelser og kampe.<\/p>\n<p>Webstedet tilbyder flere forskellige m\u00e5der at oprette forbindelse til mennesker p\u00e5, herunder <a href=\"https:\/\/www.onemightydrop.com\/da\/dtf-i-naerheden-af-mig\/\">dtf online tilmelding<\/a>, finde venner, oprette grupper og chatte med andre via tekst, taleopkald, videochats og IM. Du kan endda sende gaver til nogen, du er interesseret i. Gratis beskeder er tilg\u00e6ngelige for alle brugere. Hvis du vil indlede kontakt med et andet medlem, skal du bare trykke p\u00e5 deres foto. Derfra kan du v\u00e6lge at sende en hurtig besked, sp\u00f8rge om, hvad de laver, eller chatte om noget andet, der interesserer dig.<\/p>\n<p>Du kan ogs\u00e5 gennemse andre brugeres fotos og l\u00e6se deres bios. P\u00e5 denne m\u00e5de kan du l\u00e6re mere om personen, f\u00f8r du beslutter, om du vil begynde at kommunikere eller ej.<\/p>\n<h2>OFTE STILLEDE SP\u00d8RGSM\u00c5L<\/h2>\n<h3>Hvad er den bedste datingside til at finde en k\u00e6reste?<\/h3>\n<p>Den bedste m\u00e5de at finde en k\u00e6reste p\u00e5 er gennem online datingsider som Match.com, eHarmony, PlentyOfFish, Zoosk, OkCupid og Tinder. Online <a href=\"http:\/\/www.meet-single-women.net\/sv\/ingen-registrering-gratis-sexsajter\/\">sexsajter utan registrering<\/a> giver brugerne mulighed for at s\u00f8ge efter potentielle matches baseret p\u00e5 alder, placering, interesser, hobbyer, forholdsstatus og andre kriterier. De fleste online datingsider tilbyder ogs\u00e5 chatrum, hvor medlemmer kan m\u00f8de nye mennesker.<\/p>\n<h3>Hvad er de bedste 100% gratis datingsider i 2022?<\/h3>\n<p>Den bedste 100 procent gratis datingside i 2022 er Plenty Of Fish. Dette websted har millioner af brugere fra hele verden, og de leder efter k\u00e6rlighed ligesom dig! Hvis du vil m\u00f8de nye mennesker, s\u00e5 er POF helt sikkert det rigtige sted at starte.<\/p>\n<h3>Er der en datingside for singler i USA?<\/h3>\n<p>Ja, der er en dating hjemmeside kaldet Zoosk, som er specielt designet til enlige m\u00e6nd og kvinder p\u00e5 udkig efter k\u00e6rlighed i New York. Tjenesten giver brugerne mulighed for at s\u00f8ge gennem profiler af andre medlemmer baseret p\u00e5 alder, placering, interesser og forholdsstatus. Brugere kan ogs\u00e5 sende beskeder til hinanden direkte fra webstedet.<\/p>\n","protected":false},"excerpt":{"rendered":"<p>Hvis du leder efter noget mere seri\u00f8st, har vi to af de bedste anbefalinger til dig lige her. Disse to<\/p>\n","protected":false},"author":1,"featured_media":170,"parent":0,"menu_order":0,"comment_status":"closed","ping_status":"closed","template":"","meta":[],"yoast_head":"<!-- This site is optimized with the Yoast SEO plugin v17.7.1 - https:\/\/yoast.com\/wordpress\/plugins\/seo\/ -->\n<title>Bedste apps til at finde et seri\u00f8st forhold - Moderne tilslutningsguide<\/title>\n<meta name=\"robots\" content=\"index, follow, max-snippet:-1, max-image-preview:large, max-video-preview:-1\" \/>\n<link rel=\"canonical\" href=\"https:\/\/therifles.net\/da\/bedste-apps-til-at-finde-et-serioest-forhold\/\" \/>\n<meta property=\"og:locale\" content=\"da_DK\" \/>\n<meta property=\"og:type\" content=\"article\" \/>\n<meta property=\"og:title\" content=\"Bedste apps til at finde et seri\u00f8st forhold - Moderne tilslutningsguide\" \/>\n<meta property=\"og:description\" content=\"Hvis du leder efter noget mere seri\u00f8st, har vi to af de bedste anbefalinger til dig lige her. Disse to\" \/>\n<meta property=\"og:url\" content=\"https:\/\/therifles.net\/da\/bedste-apps-til-at-finde-et-serioest-forhold\/\" \/>\n<meta property=\"og:site_name\" content=\"Moderne tilslutningsguide\" \/>\n<meta property=\"article:modified_time\" content=\"2022-09-08T18:29:26+00:00\" \/>\n<meta property=\"og:image\" content=\"https:\/\/therifles.net\/wp-content\/uploads\/2022\/08\/real-dating.jpeg\" \/>\n\t<meta property=\"og:image:width\" content=\"1125\" \/>\n\t<meta property=\"og:image:height\" content=\"750\" \/>\n<meta name=\"twitter:card\" content=\"summary_large_image\" \/>\n<meta name=\"twitter:label1\" content=\"Estimeret l\u00e6setid\" \/>\n\t<meta name=\"twitter:data1\" content=\"3 minutter\" \/>\n<script type=\"application\/ld+json\" class=\"yoast-schema-graph\">{\"@context\":\"https:\/\/schema.org\",\"@graph\":[{\"@type\":\"WebSite\",\"@id\":\"http:\/\/therifles.net\/#website\",\"url\":\"http:\/\/therifles.net\/\",\"name\":\"Moderne tilslutningsguide\",\"description\":\"Kontaktpersonlighed R\\u00e5dgiver\",\"potentialAction\":[{\"@type\":\"SearchAction\",\"target\":{\"@type\":\"EntryPoint\",\"urlTemplate\":\"http:\/\/therifles.net\/?s={search_term_string}\"},\"query-input\":\"required name=search_term_string\"}],\"inLanguage\":\"da-DK\"},{\"@type\":\"ImageObject\",\"@id\":\"https:\/\/therifles.net\/da\/bedste-apps-til-at-finde-et-serioest-forhold\/#primaryimage\",\"inLanguage\":\"da-DK\",\"url\":\"https:\/\/therifles.net\/wp-content\/uploads\/2022\/08\/real-dating.jpeg\",\"contentUrl\":\"https:\/\/therifles.net\/wp-content\/uploads\/2022\/08\/real-dating.jpeg\",\"width\":1125,\"height\":750},{\"@type\":\"WebPage\",\"@id\":\"https:\/\/therifles.net\/da\/bedste-apps-til-at-finde-et-serioest-forhold\/#webpage\",\"url\":\"https:\/\/therifles.net\/da\/bedste-apps-til-at-finde-et-serioest-forhold\/\",\"name\":\"Bedste apps til at finde et seri\\u00f8st forhold - Moderne tilslutningsguide\",\"isPartOf\":{\"@id\":\"http:\/\/therifles.net\/#website\"},\"primaryImageOfPage\":{\"@id\":\"https:\/\/therifles.net\/da\/bedste-apps-til-at-finde-et-serioest-forhold\/#primaryimage\"},\"datePublished\":\"2022-08-05T12:45:29+00:00\",\"dateModified\":\"2022-09-08T18:29:26+00:00\",\"breadcrumb\":{\"@id\":\"https:\/\/therifles.net\/da\/bedste-apps-til-at-finde-et-serioest-forhold\/#breadcrumb\"},\"inLanguage\":\"da-DK\",\"potentialAction\":[{\"@type\":\"ReadAction\",\"target\":[\"https:\/\/therifles.net\/da\/bedste-apps-til-at-finde-et-serioest-forhold\/\"]}]},{\"@type\":\"BreadcrumbList\",\"@id\":\"https:\/\/therifles.net\/da\/bedste-apps-til-at-finde-et-serioest-forhold\/#breadcrumb\",\"itemListElement\":[{\"@type\":\"ListItem\",\"position\":1,\"name\":\"Home\",\"item\":\"http:\/\/therifles.net\/da\/\"},{\"@type\":\"ListItem\",\"position\":2,\"name\":\"Bedste apps til at finde et seri\\u00f8st forhold\"}]}]}<\/script>\n<!-- \/ Yoast SEO plugin. -->","yoast_head_json":{"title":"Bedste apps til at finde et seri\u00f8st forhold - Moderne tilslutningsguide","robots":{"index":"index","follow":"follow","max-snippet":"max-snippet:-1","max-image-preview":"max-image-preview:large","max-video-preview":"max-video-preview:-1"},"canonical":"https:\/\/therifles.net\/da\/bedste-apps-til-at-finde-et-serioest-forhold\/","og_locale":"da_DK","og_type":"article","og_title":"Bedste apps til at finde et seri\u00f8st forhold - Moderne tilslutningsguide","og_description":"Hvis du leder efter noget mere seri\u00f8st, har vi to af de bedste anbefalinger til dig lige her. Disse to","og_url":"https:\/\/therifles.net\/da\/bedste-apps-til-at-finde-et-serioest-forhold\/","og_site_name":"Moderne tilslutningsguide","article_modified_time":"2022-09-08T18:29:26+00:00","og_image":[{"width":1125,"height":750,"url":"https:\/\/therifles.net\/wp-content\/uploads\/2022\/08\/real-dating.jpeg","type":"image\/jpeg"}],"twitter_card":"summary_large_image","twitter_misc":{"Estimeret l\u00e6setid":"3 minutter"},"schema":{"@context":"https:\/\/schema.org","@graph":[{"@type":"WebSite","@id":"http:\/\/therifles.net\/#website","url":"http:\/\/therifles.net\/","name":"Moderne tilslutningsguide","description":"Kontaktpersonlighed R\u00e5dgiver","potentialAction":[{"@type":"SearchAction","target":{"@type":"EntryPoint","urlTemplate":"http:\/\/therifles.net\/?s={search_term_string}"},"query-input":"required name=search_term_string"}],"inLanguage":"da-DK"},{"@type":"ImageObject","@id":"https:\/\/therifles.net\/da\/bedste-apps-til-at-finde-et-serioest-forhold\/#primaryimage","inLanguage":"da-DK","url":"https:\/\/therifles.net\/wp-content\/uploads\/2022\/08\/real-dating.jpeg","contentUrl":"https:\/\/therifles.net\/wp-content\/uploads\/2022\/08\/real-dating.jpeg","width":1125,"height":750},{"@type":"WebPage","@id":"https:\/\/therifles.net\/da\/bedste-apps-til-at-finde-et-serioest-forhold\/#webpage","url":"https:\/\/therifles.net\/da\/bedste-apps-til-at-finde-et-serioest-forhold\/","name":"Bedste apps til at finde et seri\u00f8st forhold - Moderne tilslutningsguide","isPartOf":{"@id":"http:\/\/therifles.net\/#website"},"primaryImageOfPage":{"@id":"https:\/\/therifles.net\/da\/bedste-apps-til-at-finde-et-serioest-forhold\/#primaryimage"},"datePublished":"2022-08-05T12:45:29+00:00","dateModified":"2022-09-08T18:29:26+00:00","breadcrumb":{"@id":"https:\/\/therifles.net\/da\/bedste-apps-til-at-finde-et-serioest-forhold\/#breadcrumb"},"inLanguage":"da-DK","potentialAction":[{"@type":"ReadAction","target":["https:\/\/therifles.net\/da\/bedste-apps-til-at-finde-et-serioest-forhold\/"]}]},{"@type":"BreadcrumbList","@id":"https:\/\/therifles.net\/da\/bedste-apps-til-at-finde-et-serioest-forhold\/#breadcrumb","itemListElement":[{"@type":"ListItem","position":1,"name":"Home","item":"http:\/\/therifles.net\/da\/"},{"@type":"ListItem","position":2,"name":"Bedste apps til at finde et seri\u00f8st forhold"}]}]}},"_links":{"self":[{"href":"https:\/\/therifles.net\/da\/wp-json\/wp\/v2\/pages\/201"}],"collection":[{"href":"https:\/\/therifles.net\/da\/wp-json\/wp\/v2\/pages"}],"about":[{"href":"https:\/\/therifles.net\/da\/wp-json\/wp\/v2\/types\/page"}],"author":[{"embeddable":true,"href":"https:\/\/therifles.net\/da\/wp-json\/wp\/v2\/users\/1"}],"replies":[{"embeddable":true,"href":"https:\/\/therifles.net\/da\/wp-json\/wp\/v2\/comments?post=201"}],"version-history":[{"count":2,"href":"https:\/\/therifles.net\/da\/wp-json\/wp\/v2\/pages\/201\/revisions"}],"predecessor-version":[{"id":400,"href":"https:\/\/therifles.net\/da\/wp-json\/wp\/v2\/pages\/201\/revisions\/400"}],"wp:featuredmedia":[{"embeddable":true,"href":"https:\/\/therifles.net\/da\/wp-json\/wp\/v2\/media\/170"}],"wp:attachment":[{"href":"https:\/\/therifles.net\/da\/wp-json\/wp\/v2\/media?parent=201"}],"curies":[{"name":"wp","href":"https:\/\/api.w.org\/{rel}","templated":true}]}}