{"id":348,"date":"2022-08-05T11:21:13","date_gmt":"2022-08-05T10:21:13","guid":{"rendered":"http:\/\/therifles.net\/app-di-appuntamenti-reali-per-single-che-vogliono-lamore\/"},"modified":"2022-09-08T16:09:14","modified_gmt":"2022-09-08T15:09:14","slug":"app-di-appuntamenti-reali-per-single-che-vogliono-lamore","status":"publish","type":"page","link":"http:\/\/therifles.net\/it\/","title":{"rendered":"App di appuntamenti reali per single che vogliono l&#8217;amore"},"content":{"rendered":"<p>Stai lottando per trovare l&#8217;amore o donne che la pensano allo stesso modo?<\/p>\n<p>Potresti pensare che trovare l&#8217;amore sia abbastanza difficile senza doverlo cercare online. Ma i siti di incontri per adulti rendono le cose pi\u00f9 facili perch\u00e9 puoi filtrare i membri in base a et\u00e0, sesso, posizione, interessi, etnia, religione, tipo di corporatura, orientamento sessuale, scelte di vita, stato della relazione, ecc. Non hai nemmeno bisogno di uscire e trovarli. Tutto quello che devi fare \u00e8 registrarti online. Una volta fatto, sarai in grado di sfogliare i profili e inviare messaggi a potenziali corrispondenze.<\/p>\n<p>La parte migliore delle app di appuntamenti per adulti \u00e8 che sei libero di esprimerti. Non ci sono regole o regolamenti &#8211; solo persone in cerca di amore. E poich\u00e9 non c&#8217;\u00e8 nulla che ti impedisca di essere onesto, aperto e trasparente, puoi dire esattamente cosa vuoi da un partner.<\/p>\n<p><img loading=\"lazy\" class=\"aligncenter wp-image-35\" src=\"http:\/\/therifles.net\/wp-content\/uploads\/2022\/08\/tinder-app-1024x683.jpeg\" alt=\"\" width=\"633\" height=\"422\" srcset=\"http:\/\/therifles.net\/wp-content\/uploads\/2022\/08\/tinder-app-1024x683.jpeg 1024w, http:\/\/therifles.net\/wp-content\/uploads\/2022\/08\/tinder-app-300x200.jpeg 300w, http:\/\/therifles.net\/wp-content\/uploads\/2022\/08\/tinder-app-768x512.jpeg 768w, http:\/\/therifles.net\/wp-content\/uploads\/2022\/08\/tinder-app-120x80.jpeg 120w, http:\/\/therifles.net\/wp-content\/uploads\/2022\/08\/tinder-app.jpeg 1125w\" sizes=\"(max-width: 633px) 100vw, 633px\" \/><\/p>\n<h2>La Nostra Missione<\/h2>\n<p>Siamo un sito di recensioni di incontri online in cui non devi fornire il tuo vero nome, indirizzo e-mail o persino numero di carta di credito. Puoi sfogliare profili, inviare messaggi, visualizzare foto e video e persino fare amicizia sul nostro sito sicuro e protetto.<\/p>\n<p>Se stai cercando amore, romanticismo, amicizia o sesso, sei nel posto giusto. Offriamo un&#8217;esperienza completamente anonima in cui nessuno sa nulla di te in modo da poter unirti alle migliori app di collegamento per trovare l&#8217;amore e altro ancora. La registrazione richiede meno di 5 minuti e puoi iscriverti immediatamente.<\/p>\n<p>Ci sono gi\u00e0 migliaia di adulti che usano il nostro sito per trovare l&#8217;amore <a href=\"https:\/\/www.local-fuck.net\/it\/cuckold-chat\/\">chat cuckold<\/a> e molte di queste persone sono alla ricerca di incontri casuali. Se sei interessato a trovare qualcuno di speciale, perch\u00e9 non provare questi siti oggi?<\/p>\n<h2>Le nostre 4 migliori scelte<\/h2>\n<h3>Bumble<\/h3>\n<p>Bumble \u00e8 simile a Tinder, tranne per il fatto che gli uomini non devono iniziare il contatto. Le donne lo fanno. Se una donna vuole abbinarsi a un uomo, deve inviargli una richiesta. Non deve aspettare che lui la raggiunga. Invece, pu\u00f2 semplicemente scorrere verso sinistra se non \u00e8 interessato o scorrere verso destra se lo \u00e8.<\/p>\n<p>Oltre agli appuntamenti casuali, Bumble pu\u00f2 anche essere utilizzato per trovare una relazione seria. Dopo aver creato un profilo, si pu\u00f2 scrivere di se stessi e includere cose come hobby, obiettivi di carriera, ecc. Possono anche scrivere qualcosa sul loro partner ideale, compresi i tratti fisici, la personalit\u00e0, ecc.<\/p>\n<h3>Kasual \u00b7<\/h3>\n<p>Kasual \u00e8 un&#8217;applicazione di appuntamenti gratuita che rende pi\u00f9 facile trovare l&#8217;amore. Le persone stanno cercando <a href=\"https:\/\/www.jerkoffforme.com\/it\/siti-di-cam-come-reallifecam\/\">real life cam chat<\/a>> di trovare qualcuno di speciale e stanno cercando modi per farlo in modo anonimo. L&#8217;app funziona come Tinder, dove scorri verso sinistra se non ti piace quello che vedi, o a destra se lo fai. Ma a differenza di Tinder, non c&#8217;\u00e8 modo di inviare messaggi ad altri. Invece, basta scorrere verso destra se pensi di averlo colpito con un&#8217;altra persona. Puoi sfocare il tuo viso e aggiungere alcuni emoji per farti sembrare carino. E poich\u00e9 l&#8217;app non raccoglie dati, non verr\u00e0 visualizzata nelle ricerche.<\/p>\n<h3>Sii cattivo<\/h3>\n<p>BeNaughty \u00e8 un&#8217;app di matchmaking online che ti consente di incontrare persone in base alla posizione e agli interessi. \u00c8 gratuito da scaricare e utilizzare, ma richiede uno sforzo minimo da parte tua. Non vuoi essere una di quelle persone che pensano che iscriversi a un sito di incontri online sia troppo lavoro. Allora, cosa stai aspettando? Scarica subito BeNaughty e scopri come funziona.<\/p>\n<h3>Esca<\/h3>\n<p>Tinder \u00e8 l&#8217;app di appuntamenti pi\u00f9 famosa al mondo, e non c&#8217;\u00e8 da meravigliarsi. \u00c8 gratuito, facile da usare e ancora pi\u00f9 facile da dimenticare una volta che incontri qualcuno. Se vuoi collegarti con qualcuno, scorri verso sinistra o destra su ogni singola persona nella tua zona. E se non vedi nessuno interessante, ce ne <a href=\"http:\/\/www.jerkoffforme.com\/it\/le-migliori-feet-cams\/\">feet cams<\/a> sono molti altri l\u00e0 fuori che ti aspettano. Tinder non \u00e8 perfetto, ma vale sicuramente la pena dare un&#8217;occhiata.<\/p>\n<p><img loading=\"lazy\" class=\"aligncenter wp-image-36\" src=\"http:\/\/therifles.net\/wp-content\/uploads\/2022\/08\/bench-dating.jpeg\" alt=\"\" width=\"580\" height=\"435\" srcset=\"http:\/\/therifles.net\/wp-content\/uploads\/2022\/08\/bench-dating.jpeg 1000w, http:\/\/therifles.net\/wp-content\/uploads\/2022\/08\/bench-dating-300x225.jpeg 300w, http:\/\/therifles.net\/wp-content\/uploads\/2022\/08\/bench-dating-768x576.jpeg 768w, http:\/\/therifles.net\/wp-content\/uploads\/2022\/08\/bench-dating-880x660.jpeg 880w\" sizes=\"(max-width: 580px) 100vw, 580px\" \/><\/p>\n<h2>Ottenere il meglio dalle app di appuntamenti<\/h2>\n<p>Comprendiamo quanto possa essere frustrante cercare di trovare qualcuno compatibile. Quindi abbiamo costruito le nostre recensioni per aiutarti a connetterti con gli altri sui siti di incontri in base alle tue preferenze personali. Non devi preoccuparti di rimanere bloccato con un appuntamento che non si adatta al tuo stile di vita. E saprai sempre cosa aspettarti perch\u00e9 ci assicuriamo che ogni profilo corrisponda alle tue aspettative.<\/p>\n<p>Che si tratti di sesso occasionale o di relazioni serie, ci sono molte opportunit\u00e0 per incontrare qualcuno di speciale. Ma trovare il modo migliore per connettersi con le persone pu\u00f2 essere difficile. Se vuoi iniziare a incontrare adulti che la pensano allo stesso modo che condividono interessi simili.<\/p>\n<p>1. Sii te stesso &#8211; Non cercare di fingere di <a href=\"https:\/\/www.free-adult-cams.com\/it\/camme-bbw-gratuite\/\">BBW cam chat<\/a> essere qualcun altro. Se stai cercando una relazione seria, non iscriverti a un sito in cui tutti si divertono. Le persone vogliono sapere cosa ti fa spuntare. Quindi, parlaci di te. Dicci cosa ti piace fare, quanti soldi guadagni, hobby, ecc. Questo ci aiuta ad abbinarti ad altri che condividono tratti simili. Ti aiuteremo a trovare qualcuno che condivida i tuoi valori e la tua personalit\u00e0.<\/p>\n<p>2. Abbina il tuo profilo con quello che vuoi in un partner &#8211; Pensa a quali qualit\u00e0 vuoi in un partner.<\/p>\n<ul>\n<li>\u00c8 divertente?<\/li>\n<li>Intelligente?<\/li>\n<li>Atletico?<\/li>\n<li>Le piace passare il tempo all&#8217;aria aperta?<\/li>\n<\/ul>\n<p>Queste cose possono aiutarti a restringere il campo delle potenziali corrispondenze. Ad esempio, se non vuoi qualcuno a cui piace lo sport, non vedrai nessuno che gioca a basket su siti come eHarmony.com. Oppure, se vuoi qualcuno a cui piace uscire.<\/p>\n<h3>LGBT+ Inclusivo<\/h3>\n<p>Il mondo degli appuntamenti online \u00e8 vasto. Con centinaia di siti l\u00e0 fuori, trovarne uno adatto alle tue esigenze \u00e8 pi\u00f9 facile a dirsi che a farsi. Tuttavia, se stai cercando qualcosa di specifico, abbiamo compilato un elenco completo di categorie che coprono l&#8217;intero spettro dell&#8217;orientamento sessuale, inclusi etero, gay, bisessuali, trans e tutto il resto nel mezzo.<\/p>\n","protected":false},"excerpt":{"rendered":"<p>Stai lottando per trovare l&#8217;amore o donne che la pensano allo stesso modo? Potresti pensare che trovare l&#8217;amore sia abbastanza<\/p>\n","protected":false},"author":1,"featured_media":0,"parent":0,"menu_order":0,"comment_status":"closed","ping_status":"closed","template":"","meta":[],"yoast_head":"<!-- This site is optimized with the Yoast SEO plugin v17.7.1 - https:\/\/yoast.com\/wordpress\/plugins\/seo\/ -->\n<title>App di appuntamenti reali per single che vogliono l&#039;amore - Guida moderna ai collegamenti<\/title>\n<meta name=\"robots\" content=\"index, follow, max-snippet:-1, max-image-preview:large, max-video-preview:-1\" \/>\n<link rel=\"canonical\" href=\"http:\/\/therifles.net\/it\/\" \/>\n<meta property=\"og:locale\" content=\"it_IT\" \/>\n<meta property=\"og:type\" content=\"article\" \/>\n<meta property=\"og:title\" content=\"App di appuntamenti reali per single che vogliono l&#039;amore - Guida moderna ai collegamenti\" \/>\n<meta property=\"og:description\" content=\"Stai lottando per trovare l&#8217;amore o donne che la pensano allo stesso modo? Potresti pensare che trovare l&#8217;amore sia abbastanza\" \/>\n<meta property=\"og:url\" content=\"http:\/\/therifles.net\/it\/\" \/>\n<meta property=\"og:site_name\" content=\"Guida moderna ai collegamenti\" \/>\n<meta property=\"article:modified_time\" content=\"2022-09-08T15:09:14+00:00\" \/>\n<meta property=\"og:image\" content=\"http:\/\/therifles.net\/wp-content\/uploads\/2022\/08\/tinder-app-1024x683.jpeg\" \/>\n<meta name=\"twitter:card\" content=\"summary_large_image\" \/>\n<meta name=\"twitter:label1\" content=\"Tempo di lettura stimato\" \/>\n\t<meta name=\"twitter:data1\" content=\"5 minuti\" \/>\n<script type=\"application\/ld+json\" class=\"yoast-schema-graph\">{\"@context\":\"https:\/\/schema.org\",\"@graph\":[{\"@type\":\"WebSite\",\"@id\":\"https:\/\/therifles.net\/#website\",\"url\":\"https:\/\/therifles.net\/\",\"name\":\"Guida moderna ai collegamenti\",\"description\":\"Consulente personale\",\"potentialAction\":[{\"@type\":\"SearchAction\",\"target\":{\"@type\":\"EntryPoint\",\"urlTemplate\":\"https:\/\/therifles.net\/?s={search_term_string}\"},\"query-input\":\"required name=search_term_string\"}],\"inLanguage\":\"it-IT\"},{\"@type\":\"ImageObject\",\"@id\":\"http:\/\/therifles.net\/it\/#primaryimage\",\"inLanguage\":\"it-IT\",\"url\":\"http:\/\/therifles.net\/wp-content\/uploads\/2022\/08\/tinder-app.jpeg\",\"contentUrl\":\"http:\/\/therifles.net\/wp-content\/uploads\/2022\/08\/tinder-app.jpeg\",\"width\":1125,\"height\":750},{\"@type\":\"WebPage\",\"@id\":\"http:\/\/therifles.net\/it\/#webpage\",\"url\":\"http:\/\/therifles.net\/it\/\",\"name\":\"App di appuntamenti reali per single che vogliono l'amore - Guida moderna ai collegamenti\",\"isPartOf\":{\"@id\":\"https:\/\/therifles.net\/#website\"},\"primaryImageOfPage\":{\"@id\":\"http:\/\/therifles.net\/it\/#primaryimage\"},\"datePublished\":\"2022-08-05T10:21:13+00:00\",\"dateModified\":\"2022-09-08T15:09:14+00:00\",\"breadcrumb\":{\"@id\":\"http:\/\/therifles.net\/it\/#breadcrumb\"},\"inLanguage\":\"it-IT\",\"potentialAction\":[{\"@type\":\"ReadAction\",\"target\":[\"http:\/\/therifles.net\/it\/\"]}]},{\"@type\":\"BreadcrumbList\",\"@id\":\"http:\/\/therifles.net\/it\/#breadcrumb\",\"itemListElement\":[{\"@type\":\"ListItem\",\"position\":1,\"name\":\"Home\",\"item\":\"http:\/\/therifles.net\/it\/\"},{\"@type\":\"ListItem\",\"position\":2,\"name\":\"App di appuntamenti reali per single che vogliono l&#8217;amore\"}]}]}<\/script>\n<!-- \/ Yoast SEO plugin. -->","yoast_head_json":{"title":"App di appuntamenti reali per single che vogliono l'amore - Guida moderna ai collegamenti","robots":{"index":"index","follow":"follow","max-snippet":"max-snippet:-1","max-image-preview":"max-image-preview:large","max-video-preview":"max-video-preview:-1"},"canonical":"http:\/\/therifles.net\/it\/","og_locale":"it_IT","og_type":"article","og_title":"App di appuntamenti reali per single che vogliono l'amore - Guida moderna ai collegamenti","og_description":"Stai lottando per trovare l&#8217;amore o donne che la pensano allo stesso modo? Potresti pensare che trovare l&#8217;amore sia abbastanza","og_url":"http:\/\/therifles.net\/it\/","og_site_name":"Guida moderna ai collegamenti","article_modified_time":"2022-09-08T15:09:14+00:00","og_image":[{"url":"http:\/\/therifles.net\/wp-content\/uploads\/2022\/08\/tinder-app-1024x683.jpeg"}],"twitter_card":"summary_large_image","twitter_misc":{"Tempo di lettura stimato":"5 minuti"},"schema":{"@context":"https:\/\/schema.org","@graph":[{"@type":"WebSite","@id":"https:\/\/therifles.net\/#website","url":"https:\/\/therifles.net\/","name":"Guida moderna ai collegamenti","description":"Consulente personale","potentialAction":[{"@type":"SearchAction","target":{"@type":"EntryPoint","urlTemplate":"https:\/\/therifles.net\/?s={search_term_string}"},"query-input":"required name=search_term_string"}],"inLanguage":"it-IT"},{"@type":"ImageObject","@id":"http:\/\/therifles.net\/it\/#primaryimage","inLanguage":"it-IT","url":"http:\/\/therifles.net\/wp-content\/uploads\/2022\/08\/tinder-app.jpeg","contentUrl":"http:\/\/therifles.net\/wp-content\/uploads\/2022\/08\/tinder-app.jpeg","width":1125,"height":750},{"@type":"WebPage","@id":"http:\/\/therifles.net\/it\/#webpage","url":"http:\/\/therifles.net\/it\/","name":"App di appuntamenti reali per single che vogliono l'amore - Guida moderna ai collegamenti","isPartOf":{"@id":"https:\/\/therifles.net\/#website"},"primaryImageOfPage":{"@id":"http:\/\/therifles.net\/it\/#primaryimage"},"datePublished":"2022-08-05T10:21:13+00:00","dateModified":"2022-09-08T15:09:14+00:00","breadcrumb":{"@id":"http:\/\/therifles.net\/it\/#breadcrumb"},"inLanguage":"it-IT","potentialAction":[{"@type":"ReadAction","target":["http:\/\/therifles.net\/it\/"]}]},{"@type":"BreadcrumbList","@id":"http:\/\/therifles.net\/it\/#breadcrumb","itemListElement":[{"@type":"ListItem","position":1,"name":"Home","item":"http:\/\/therifles.net\/it\/"},{"@type":"ListItem","position":2,"name":"App di appuntamenti reali per single che vogliono l&#8217;amore"}]}]}},"_links":{"self":[{"href":"http:\/\/therifles.net\/it\/wp-json\/wp\/v2\/pages\/348"}],"collection":[{"href":"http:\/\/therifles.net\/it\/wp-json\/wp\/v2\/pages"}],"about":[{"href":"http:\/\/therifles.net\/it\/wp-json\/wp\/v2\/types\/page"}],"author":[{"embeddable":true,"href":"http:\/\/therifles.net\/it\/wp-json\/wp\/v2\/users\/1"}],"replies":[{"embeddable":true,"href":"http:\/\/therifles.net\/it\/wp-json\/wp\/v2\/comments?post=348"}],"version-history":[{"count":3,"href":"http:\/\/therifles.net\/it\/wp-json\/wp\/v2\/pages\/348\/revisions"}],"predecessor-version":[{"id":394,"href":"http:\/\/therifles.net\/it\/wp-json\/wp\/v2\/pages\/348\/revisions\/394"}],"wp:attachment":[{"href":"http:\/\/therifles.net\/it\/wp-json\/wp\/v2\/media?parent=348"}],"curies":[{"name":"wp","href":"https:\/\/api.w.org\/{rel}","templated":true}]}}