{"id":215,"date":"2022-08-05T13:34:04","date_gmt":"2022-08-05T12:34:04","guid":{"rendered":"http:\/\/therifles.net\/raad-om-sikkerhed-for-online-dating\/"},"modified":"2022-08-05T14:32:31","modified_gmt":"2022-08-05T13:32:31","slug":"raad-om-sikkerhed-for-online-dating","status":"publish","type":"page","link":"http:\/\/therifles.net\/da\/raad-om-sikkerhed-for-online-dating\/","title":{"rendered":"R\u00e5d om sikkerhed for online dating"},"content":{"rendered":"<h2>Valg af den rigtige app<\/h2>\n<h3>Er det gratis?<\/h3>\n<p>Der er masser af websteder, der opkr\u00e6ver penge p\u00e5 forh\u00e5nd, men mange <a href=\"http:\/\/therifles.net\/best-apps-for-finding-a-serious-relationship\/\">andre tilbyder gratis pr\u00f8veversioner<\/a>. Du kan normalt se, om en pr\u00f8veperiode er legitim, fordi den ikke kr\u00e6ver betalingsoplysninger p\u00e5 forh\u00e5nd. I stedet bliver du bedt om at angive en gyldig e-mail-adresse.<\/p>\n<h3>Har den en privatlivspolitik?<\/h3>\n<p>Mange virksomheder vil h\u00e6vde, at de respekterer dit privatliv, men de fort\u00e6ller dig virkelig ikke noget. De pr\u00f8ver bare at skr\u00e6mme dig til at tilmelde dig. Se efter en klar erkl\u00e6ring om, hvilke data de indsamler, og hvordan de bruger dem.<\/p>\n<h3>Hvad siger det om webstedet?<\/h3>\n<p>Nogle websteder vil prale af kun at v\u00e6re medlemmer, mens andre vil love sk\u00f8n. Og nogle vil endda fors\u00f8ge at narre dig til at tro, at de drives af fagfolk. Fald ikke for det.<\/p>\n<h3>Hvem driver det?<\/h3>\n<p>Mange websteder vil liste en masse forskellige navne, herunder navnet p\u00e5 den person, der ejer det. Dette kan virke som et r\u00f8dt flag, men det kan simpelthen betyde, at ejeren \u00f8nsker at beskytte sin identitet. N\u00e5r alt kommer til alt, hvorfor give dine personlige oplysninger v\u00e6k, hvis du ikke beh\u00f8ver det?<\/p>\n<h3>Hvor l\u00e6nge har det eksisteret?<\/h3>\n<p>Websteder, der har eksisteret i et stykke tid, har tendens til at v\u00e6re mere <a href=\"http:\/\/therifles.net\/cuckold\/\">trov\u00e6rdige<\/a> end dem, der dukkede op natten over. Ogs\u00e5 websteder, der har eksisteret l\u00e6ngere, har ofte et bedre ry blandt eksperter p\u00e5 omr\u00e5det.<\/p>\n<h3>Er anmeldelser positive?<\/h3>\n<p>Anmeldelser er gode, is\u00e6r n\u00e5r de kommer fra p\u00e5lidelige kilder. Der er dog masser af falske anmeldelser derude. S\u00f8rg for at tjekke anmeldelsessider som Yelp, Trustpilot og ConsumerAffairs for at se, om webstedet har en historie med at sende negative anmeldelser.<\/p>\n<h2>Pas p\u00e5 svindlere<\/h2>\n<p>Hvis du har ledt efter k\u00e6rlighed online, ved du, hvor sv\u00e6rt det kan v\u00e6re at adskille fakta fra fiktion. Men der er m\u00e5der at beskytte dig mod at blive snydt eller narret. Her er nogle tips til at holde dig sikker, mens du m\u00f8der folk online.<\/p>\n<ul>\n<li>Giv ikke for mange personlige oplysninger ud.<\/li>\n<li>V\u00e6r p\u00e5 vagt over for alle, der beder dig om at sende penge via Western Union eller MoneyGram. Disse virksomheder bruges ofte af svindlere til at hvidvaske stj\u00e5lne midler.<\/li>\n<li>Betal aldrig for noget p\u00e5 forh\u00e5nd. Du kan aldrig se varen igen.<\/li>\n<li>Kig efter r\u00f8de flag. Svindlere kan fors\u00f8ge at overbevise dig om, at de er rigtige mennesker ved at h\u00e6vde at have mistet familiemedlemmer eller venner. De kunne endda h\u00e6vde at arbejde for retsh\u00e5ndh\u00e6velse.<\/li>\n<li>Pas p\u00e5 folk, der beder dig om at m\u00f8des p\u00e5 offentlige steder som kaffebarer eller restauranter.<\/li>\n<li>Pas p\u00e5 folk, der virker desperate efter opm\u00e6rksomhed. En svindler kan fort\u00e6lle dig, at han har brug for hj\u00e6lp til at f\u00e5 sit liv sammen, eller at han har kr\u00e6ft.<\/li>\n<\/ul>\n<p>N\u00e5r du har matchet med en mulig dato og chattet, skal du planl\u00e6gge en videochat med dem. Mange mennesker t\u00f8ver med at g\u00f8re dette, fordi de tror, det f\u00e5r dem til at se tr\u00e6ngende ud. Men n\u00e5r du f\u00f8rst har m\u00f8dt hinanden personligt, er der ikke noget v\u00e6rre end at finde ud af, at din date ikke er den, de siger, de er. S\u00e5 tag nogle forholdsregler her.<\/p>\n<p>Hvis de st\u00e6rkt mods\u00e6tter sig en videochat, kan det v\u00e6re et r\u00f8dt flag. Det kan betyde, at de ikke \u00f8nsker at blive set online, eller at de m\u00e5ske skjuler noget.<\/p>\n","protected":false},"excerpt":{"rendered":"<p>Valg af den rigtige app Er det gratis? Der er masser af websteder, der opkr\u00e6ver penge p\u00e5 forh\u00e5nd, men mange<\/p>\n","protected":false},"author":1,"featured_media":148,"parent":0,"menu_order":0,"comment_status":"closed","ping_status":"closed","template":"","meta":[],"yoast_head":"<!-- This site is optimized with the Yoast SEO plugin v17.7.1 - https:\/\/yoast.com\/wordpress\/plugins\/seo\/ -->\n<title>R\u00e5d om sikkerhed for online dating - Moderne tilslutningsguide<\/title>\n<meta name=\"robots\" content=\"index, follow, max-snippet:-1, max-image-preview:large, max-video-preview:-1\" \/>\n<link rel=\"canonical\" href=\"http:\/\/therifles.net\/da\/raad-om-sikkerhed-for-online-dating\/\" \/>\n<meta property=\"og:locale\" content=\"da_DK\" \/>\n<meta property=\"og:type\" content=\"article\" \/>\n<meta property=\"og:title\" content=\"R\u00e5d om sikkerhed for online dating - Moderne tilslutningsguide\" \/>\n<meta property=\"og:description\" content=\"Valg af den rigtige app Er det gratis? Der er masser af websteder, der opkr\u00e6ver penge p\u00e5 forh\u00e5nd, men mange\" \/>\n<meta property=\"og:url\" content=\"http:\/\/therifles.net\/da\/raad-om-sikkerhed-for-online-dating\/\" \/>\n<meta property=\"og:site_name\" content=\"Moderne tilslutningsguide\" \/>\n<meta property=\"article:modified_time\" content=\"2022-08-05T13:32:31+00:00\" \/>\n<meta name=\"twitter:card\" content=\"summary_large_image\" \/>\n<meta name=\"twitter:image\" content=\"http:\/\/therifles.net\/wp-content\/uploads\/2022\/08\/unnamed-file.webp\" \/>\n<meta name=\"twitter:label1\" content=\"Estimeret l\u00e6setid\" \/>\n\t<meta name=\"twitter:data1\" content=\"3 minutter\" \/>\n<script type=\"application\/ld+json\" class=\"yoast-schema-graph\">{\"@context\":\"https:\/\/schema.org\",\"@graph\":[{\"@type\":\"WebSite\",\"@id\":\"https:\/\/therifles.net\/#website\",\"url\":\"https:\/\/therifles.net\/\",\"name\":\"Moderne tilslutningsguide\",\"description\":\"Kontaktpersonlighed R\\u00e5dgiver\",\"potentialAction\":[{\"@type\":\"SearchAction\",\"target\":{\"@type\":\"EntryPoint\",\"urlTemplate\":\"https:\/\/therifles.net\/?s={search_term_string}\"},\"query-input\":\"required name=search_term_string\"}],\"inLanguage\":\"da-DK\"},{\"@type\":\"ImageObject\",\"@id\":\"http:\/\/therifles.net\/da\/raad-om-sikkerhed-for-online-dating\/#primaryimage\",\"inLanguage\":\"da-DK\",\"url\":\"http:\/\/therifles.net\/wp-content\/uploads\/2022\/08\/unnamed-file.webp\",\"contentUrl\":\"http:\/\/therifles.net\/wp-content\/uploads\/2022\/08\/unnamed-file.webp\",\"width\":500,\"height\":750},{\"@type\":\"WebPage\",\"@id\":\"http:\/\/therifles.net\/da\/raad-om-sikkerhed-for-online-dating\/#webpage\",\"url\":\"http:\/\/therifles.net\/da\/raad-om-sikkerhed-for-online-dating\/\",\"name\":\"R\\u00e5d om sikkerhed for online dating - Moderne tilslutningsguide\",\"isPartOf\":{\"@id\":\"https:\/\/therifles.net\/#website\"},\"primaryImageOfPage\":{\"@id\":\"http:\/\/therifles.net\/da\/raad-om-sikkerhed-for-online-dating\/#primaryimage\"},\"datePublished\":\"2022-08-05T12:34:04+00:00\",\"dateModified\":\"2022-08-05T13:32:31+00:00\",\"breadcrumb\":{\"@id\":\"http:\/\/therifles.net\/da\/raad-om-sikkerhed-for-online-dating\/#breadcrumb\"},\"inLanguage\":\"da-DK\",\"potentialAction\":[{\"@type\":\"ReadAction\",\"target\":[\"http:\/\/therifles.net\/da\/raad-om-sikkerhed-for-online-dating\/\"]}]},{\"@type\":\"BreadcrumbList\",\"@id\":\"http:\/\/therifles.net\/da\/raad-om-sikkerhed-for-online-dating\/#breadcrumb\",\"itemListElement\":[{\"@type\":\"ListItem\",\"position\":1,\"name\":\"Home\",\"item\":\"http:\/\/therifles.net\/da\/\"},{\"@type\":\"ListItem\",\"position\":2,\"name\":\"R\\u00e5d om sikkerhed for online dating\"}]}]}<\/script>\n<!-- \/ Yoast SEO plugin. -->","yoast_head_json":{"title":"R\u00e5d om sikkerhed for online dating - Moderne tilslutningsguide","robots":{"index":"index","follow":"follow","max-snippet":"max-snippet:-1","max-image-preview":"max-image-preview:large","max-video-preview":"max-video-preview:-1"},"canonical":"http:\/\/therifles.net\/da\/raad-om-sikkerhed-for-online-dating\/","og_locale":"da_DK","og_type":"article","og_title":"R\u00e5d om sikkerhed for online dating - Moderne tilslutningsguide","og_description":"Valg af den rigtige app Er det gratis? Der er masser af websteder, der opkr\u00e6ver penge p\u00e5 forh\u00e5nd, men mange","og_url":"http:\/\/therifles.net\/da\/raad-om-sikkerhed-for-online-dating\/","og_site_name":"Moderne tilslutningsguide","article_modified_time":"2022-08-05T13:32:31+00:00","twitter_card":"summary_large_image","twitter_image":"http:\/\/therifles.net\/wp-content\/uploads\/2022\/08\/unnamed-file.webp","twitter_misc":{"Estimeret l\u00e6setid":"3 minutter"},"schema":{"@context":"https:\/\/schema.org","@graph":[{"@type":"WebSite","@id":"https:\/\/therifles.net\/#website","url":"https:\/\/therifles.net\/","name":"Moderne tilslutningsguide","description":"Kontaktpersonlighed R\u00e5dgiver","potentialAction":[{"@type":"SearchAction","target":{"@type":"EntryPoint","urlTemplate":"https:\/\/therifles.net\/?s={search_term_string}"},"query-input":"required name=search_term_string"}],"inLanguage":"da-DK"},{"@type":"ImageObject","@id":"http:\/\/therifles.net\/da\/raad-om-sikkerhed-for-online-dating\/#primaryimage","inLanguage":"da-DK","url":"http:\/\/therifles.net\/wp-content\/uploads\/2022\/08\/unnamed-file.webp","contentUrl":"http:\/\/therifles.net\/wp-content\/uploads\/2022\/08\/unnamed-file.webp","width":500,"height":750},{"@type":"WebPage","@id":"http:\/\/therifles.net\/da\/raad-om-sikkerhed-for-online-dating\/#webpage","url":"http:\/\/therifles.net\/da\/raad-om-sikkerhed-for-online-dating\/","name":"R\u00e5d om sikkerhed for online dating - Moderne tilslutningsguide","isPartOf":{"@id":"https:\/\/therifles.net\/#website"},"primaryImageOfPage":{"@id":"http:\/\/therifles.net\/da\/raad-om-sikkerhed-for-online-dating\/#primaryimage"},"datePublished":"2022-08-05T12:34:04+00:00","dateModified":"2022-08-05T13:32:31+00:00","breadcrumb":{"@id":"http:\/\/therifles.net\/da\/raad-om-sikkerhed-for-online-dating\/#breadcrumb"},"inLanguage":"da-DK","potentialAction":[{"@type":"ReadAction","target":["http:\/\/therifles.net\/da\/raad-om-sikkerhed-for-online-dating\/"]}]},{"@type":"BreadcrumbList","@id":"http:\/\/therifles.net\/da\/raad-om-sikkerhed-for-online-dating\/#breadcrumb","itemListElement":[{"@type":"ListItem","position":1,"name":"Home","item":"http:\/\/therifles.net\/da\/"},{"@type":"ListItem","position":2,"name":"R\u00e5d om sikkerhed for online dating"}]}]}},"_links":{"self":[{"href":"http:\/\/therifles.net\/da\/wp-json\/wp\/v2\/pages\/215"}],"collection":[{"href":"http:\/\/therifles.net\/da\/wp-json\/wp\/v2\/pages"}],"about":[{"href":"http:\/\/therifles.net\/da\/wp-json\/wp\/v2\/types\/page"}],"author":[{"embeddable":true,"href":"http:\/\/therifles.net\/da\/wp-json\/wp\/v2\/users\/1"}],"replies":[{"embeddable":true,"href":"http:\/\/therifles.net\/da\/wp-json\/wp\/v2\/comments?post=215"}],"version-history":[{"count":1,"href":"http:\/\/therifles.net\/da\/wp-json\/wp\/v2\/pages\/215\/revisions"}],"predecessor-version":[{"id":219,"href":"http:\/\/therifles.net\/da\/wp-json\/wp\/v2\/pages\/215\/revisions\/219"}],"wp:featuredmedia":[{"embeddable":true,"href":"http:\/\/therifles.net\/da\/wp-json\/wp\/v2\/media\/148"}],"wp:attachment":[{"href":"http:\/\/therifles.net\/da\/wp-json\/wp\/v2\/media?parent=215"}],"curies":[{"name":"wp","href":"https:\/\/api.w.org\/{rel}","templated":true}]}}